{"id":3271,"date":"2022-12-13T14:12:14","date_gmt":"2022-12-13T14:12:14","guid":{"rendered":"http:\/\/queryconsultores.com.ar\/?page_id=3271"},"modified":"2022-12-13T14:39:37","modified_gmt":"2022-12-13T14:39:37","slug":"servicios","status":"publish","type":"page","link":"https:\/\/queryconsultores.com.ar\/index.php\/servicios\/","title":{"rendered":"Servicios"},"content":{"rendered":"\t\t<div data-elementor-type=\"wp-page\" data-elementor-id=\"3271\" class=\"elementor elementor-3271\">\n\t\t\t\t\t\t<section class=\"elementor-section elementor-top-section elementor-element elementor-element-3ec79b6 elementor-section-boxed elementor-section-height-default elementor-section-height-default\" data-id=\"3ec79b6\" data-element_type=\"section\" data-e-type=\"section\" data-settings=\"{&quot;jet_parallax_layout_list&quot;:[]}\">\n\t\t\t\t\t\t<div class=\"elementor-container elementor-column-gap-default\">\n\t\t\t\t\t<div class=\"elementor-column elementor-col-100 elementor-top-column elementor-element elementor-element-91558ba\" data-id=\"91558ba\" data-element_type=\"column\" data-e-type=\"column\">\n\t\t\t<div class=\"elementor-widget-wrap elementor-element-populated\">\n\t\t\t\t\t\t<div class=\"elementor-element elementor-element-7e10af1 elementor-widget elementor-widget-heading\" data-id=\"7e10af1\" data-element_type=\"widget\" data-e-type=\"widget\" data-widget_type=\"heading.default\">\n\t\t\t\t<div class=\"elementor-widget-container\">\n\t\t\t\t\t<h2 class=\"elementor-heading-title elementor-size-default\">Servicios<\/h2>\t\t\t\t<\/div>\n\t\t\t\t<\/div>\n\t\t\t\t\t<\/div>\n\t\t<\/div>\n\t\t\t\t\t<\/div>\n\t\t<\/section>\n\t\t\t\t<section class=\"elementor-section elementor-top-section elementor-element elementor-element-755caff elementor-section-boxed elementor-section-height-default elementor-section-height-default\" data-id=\"755caff\" data-element_type=\"section\" data-e-type=\"section\" data-settings=\"{&quot;jet_parallax_layout_list&quot;:[]}\">\n\t\t\t\t\t\t<div class=\"elementor-container elementor-column-gap-default\">\n\t\t\t\t\t<div class=\"elementor-column elementor-col-25 elementor-top-column elementor-element elementor-element-2319e5b\" data-id=\"2319e5b\" data-element_type=\"column\" data-e-type=\"column\">\n\t\t\t<div class=\"elementor-widget-wrap elementor-element-populated\">\n\t\t\t\t\t\t<div class=\"elementor-element elementor-element-cd7ee4c elementor-widget elementor-widget-text-editor\" data-id=\"cd7ee4c\" data-element_type=\"widget\" data-e-type=\"widget\" data-widget_type=\"text-editor.default\">\n\t\t\t\t<div class=\"elementor-widget-container\">\n\t\t\t\t\t\t\t\t\t<h3>Servidores y redes<\/h3><p><em>Comprende administraci\u00f3n, implementaci\u00f3n, soporte, backup entre otros.<\/em><\/p><hr \/><p>Brindamos un amplio soporte a su sistema inform\u00e1tico, desde server, data center hasta los puestos de trabajo y gestionamos tareas de administraci\u00f3n, implementaci\u00f3n, backup, switching, routing, puntos de acceso, vlans, conectividad cableada y wifi. Ofrecemos soluciones de cloud server para que pueda gestionar su empresa en distintos puntos f\u00edsicos.\u00a0<\/p>\t\t\t\t\t\t\t\t<\/div>\n\t\t\t\t<\/div>\n\t\t\t\t\t<\/div>\n\t\t<\/div>\n\t\t\t\t<div class=\"elementor-column elementor-col-25 elementor-top-column elementor-element elementor-element-0281e82\" data-id=\"0281e82\" data-element_type=\"column\" data-e-type=\"column\">\n\t\t\t<div class=\"elementor-widget-wrap elementor-element-populated\">\n\t\t\t\t\t\t<div class=\"elementor-element elementor-element-8df75cf elementor-widget elementor-widget-text-editor\" data-id=\"8df75cf\" data-element_type=\"widget\" data-e-type=\"widget\" data-widget_type=\"text-editor.default\">\n\t\t\t\t<div class=\"elementor-widget-container\">\n\t\t\t\t\t\t\t\t\t<h3>Seguridad<\/h3><p><em>Si necesita un sistema de seguridad o vigilancia para su empresa puede optar por varias tecnolog\u00edas de CCTV, c\u00e1maras ip u otros dispositivos relacionados.<\/em><\/p><hr \/><p>Planificamos y desarrollamos instalaciones de sistemas de c\u00e1maras, configuraci\u00f3n de DVR, NVR entre otros para que usted pueda realizar un seguimiento de cualquier anomal\u00eda que pueda presentarse en su empresa, casa o negocio por acceso remoto.<\/p>\t\t\t\t\t\t\t\t<\/div>\n\t\t\t\t<\/div>\n\t\t\t\t\t<\/div>\n\t\t<\/div>\n\t\t\t\t<div class=\"elementor-column elementor-col-25 elementor-top-column elementor-element elementor-element-07884b6\" data-id=\"07884b6\" data-element_type=\"column\" data-e-type=\"column\">\n\t\t\t<div class=\"elementor-widget-wrap elementor-element-populated\">\n\t\t\t\t\t\t<div class=\"elementor-element elementor-element-c09ab69 elementor-widget elementor-widget-text-editor\" data-id=\"c09ab69\" data-element_type=\"widget\" data-e-type=\"widget\" data-widget_type=\"text-editor.default\">\n\t\t\t\t<div class=\"elementor-widget-container\">\n\t\t\t\t\t\t\t\t\t<h3>Desarrollo web<\/h3><p><em>Lo asesoramos y trabajamos en conjunto con usted para que pueda tener la p\u00e1gina web que siempre quiso.<\/em><\/p><hr \/><p>La gesti\u00f3n de una p\u00e1gina web no es solo el dise\u00f1o de la misma, tambi\u00e9n realizamos administraci\u00f3n de hosting y soporte, software en la nube, registro de dns, cuentas de email. Contamos con servidores propios VPS dedicados para poder brindar un servicio confiable y adaptable.\u00a0<\/p>\t\t\t\t\t\t\t\t<\/div>\n\t\t\t\t<\/div>\n\t\t\t\t\t<\/div>\n\t\t<\/div>\n\t\t\t\t<div class=\"elementor-column elementor-col-25 elementor-top-column elementor-element elementor-element-57aade9\" data-id=\"57aade9\" data-element_type=\"column\" data-e-type=\"column\">\n\t\t\t<div class=\"elementor-widget-wrap elementor-element-populated\">\n\t\t\t\t\t\t<div class=\"elementor-element elementor-element-6982010 elementor-widget elementor-widget-text-editor\" data-id=\"6982010\" data-element_type=\"widget\" data-e-type=\"widget\" data-widget_type=\"text-editor.default\">\n\t\t\t\t<div class=\"elementor-widget-container\">\n\t\t\t\t\t\t\t\t\t<h3>Cableado estructurado<\/h3><p>Nuestro equipo est\u00e1 especializado en tareas afines de cableado y certificaci\u00f3n de cat 5e EIA\/TIA 568A\/B Cat 6, Fibra \u00f3ptica e instalaciones el\u00e9ctricas y terminales, patch panel, rack, bocas el\u00e9ctricas, tableros, etc.<\/p>\t\t\t\t\t\t\t\t<\/div>\n\t\t\t\t<\/div>\n\t\t\t\t\t<\/div>\n\t\t<\/div>\n\t\t\t\t\t<\/div>\n\t\t<\/section>\n\t\t\t\t<\/div>\n\t\t","protected":false},"excerpt":{"rendered":"<p>Servicios Servidores y redes Comprende administraci\u00f3n, implementaci\u00f3n, soporte, backup entre otros. Brindamos un amplio soporte a su sistema inform\u00e1tico, desde server, data center hasta los puestos de trabajo y gestionamos tareas de administraci\u00f3n, implementaci\u00f3n, backup, switching, routing, puntos de acceso, vlans, conectividad cableada y wifi. Ofrecemos soluciones de cloud server para que pueda gestionar su empresa en distintos puntos f\u00edsicos.\u00a0 Seguridad Si necesita un sistema&#8230; <\/p>\n<p class=\"more\"><a class=\"more-link\" href=\"https:\/\/queryconsultores.com.ar\/index.php\/servicios\/\">Read More<\/a><\/p>\n","protected":false},"author":1,"featured_media":0,"parent":0,"menu_order":0,"comment_status":"closed","ping_status":"closed","template":"elementor_header_footer","meta":{"footnotes":""},"class_list":["post-3271","page","type-page","status-publish","hentry","is-cat-link-line-before"],"aioseo_notices":[],"_links":{"self":[{"href":"https:\/\/queryconsultores.com.ar\/index.php\/wp-json\/wp\/v2\/pages\/3271","targetHints":{"allow":["GET"]}}],"collection":[{"href":"https:\/\/queryconsultores.com.ar\/index.php\/wp-json\/wp\/v2\/pages"}],"about":[{"href":"https:\/\/queryconsultores.com.ar\/index.php\/wp-json\/wp\/v2\/types\/page"}],"author":[{"embeddable":true,"href":"https:\/\/queryconsultores.com.ar\/index.php\/wp-json\/wp\/v2\/users\/1"}],"replies":[{"embeddable":true,"href":"https:\/\/queryconsultores.com.ar\/index.php\/wp-json\/wp\/v2\/comments?post=3271"}],"version-history":[{"count":24,"href":"https:\/\/queryconsultores.com.ar\/index.php\/wp-json\/wp\/v2\/pages\/3271\/revisions"}],"predecessor-version":[{"id":3303,"href":"https:\/\/queryconsultores.com.ar\/index.php\/wp-json\/wp\/v2\/pages\/3271\/revisions\/3303"}],"wp:attachment":[{"href":"https:\/\/queryconsultores.com.ar\/index.php\/wp-json\/wp\/v2\/media?parent=3271"}],"curies":[{"name":"wp","href":"https:\/\/api.w.org\/{rel}","templated":true}]}}