{"id":3224,"date":"2022-12-13T13:21:19","date_gmt":"2022-12-13T13:21:19","guid":{"rendered":"http:\/\/queryconsultores.com.ar\/?page_id=3224"},"modified":"2022-12-13T13:26:08","modified_gmt":"2022-12-13T13:26:08","slug":"institucional","status":"publish","type":"page","link":"https:\/\/queryconsultores.com.ar\/index.php\/institucional\/","title":{"rendered":"Institucional"},"content":{"rendered":"\t\t<div data-elementor-type=\"wp-page\" data-elementor-id=\"3224\" class=\"elementor elementor-3224\">\n\t\t\t\t\t\t<section class=\"elementor-section elementor-top-section elementor-element elementor-element-4a2153c elementor-section-boxed elementor-section-height-default elementor-section-height-default\" data-id=\"4a2153c\" data-element_type=\"section\" data-e-type=\"section\" data-settings=\"{&quot;jet_parallax_layout_list&quot;:[]}\">\n\t\t\t\t\t\t<div class=\"elementor-container elementor-column-gap-default\">\n\t\t\t\t\t<div class=\"elementor-column elementor-col-100 elementor-top-column elementor-element elementor-element-439fdea\" data-id=\"439fdea\" data-element_type=\"column\" data-e-type=\"column\">\n\t\t\t<div class=\"elementor-widget-wrap elementor-element-populated\">\n\t\t\t\t\t\t<div class=\"elementor-element elementor-element-b3fc742 elementor-widget elementor-widget-heading\" data-id=\"b3fc742\" data-element_type=\"widget\" data-e-type=\"widget\" data-widget_type=\"heading.default\">\n\t\t\t\t<div class=\"elementor-widget-container\">\n\t\t\t\t\t<h1 class=\"elementor-heading-title elementor-size-default\">Institucional<\/h1>\t\t\t\t<\/div>\n\t\t\t\t<\/div>\n\t\t\t\t<div class=\"elementor-element elementor-element-ae2970f elementor-widget elementor-widget-text-editor\" data-id=\"ae2970f\" data-element_type=\"widget\" data-e-type=\"widget\" data-widget_type=\"text-editor.default\">\n\t\t\t\t<div class=\"elementor-widget-container\">\n\t\t\t\t\t\t\t\t\t<h3>Misi\u00f3n y objetivos<\/h3><p>Query, surge en el a\u00f1o 1999 con la misi\u00f3n de brindar servicios de asesoramiento en incorporaci\u00f3n de tecnolog\u00edas a diversas actividades, entre ellas equipos inform\u00e1ticos, estructuras de comunicaci\u00f3n, equipos espec\u00edficos, herramientas y servidores, brindando un est\u00e1ndar de calidad sin precedentes en el mercado. Durante todo este tiempo, hemos realizado alianzas con otras empresas prestadoras de servicios o soluciones diversas para reforzar y fortalecer las soluciones brindadas, es por ello que no nos consideramos una empresa, si no, m\u00e1s bien un grupo de trabajo que se ha afianzado a lo largo del tiempo y solo pudo lograrse gracias al trabajo en conjunto de Query con otras empresas asociadas.<\/p><p>Nuestro compromiso es interpretar las reales necesidades del cliente. Es por ello que todas las soluciones son personalizadas de acuerdo a requerimientos especificaciones y la necesidad del cliente.<\/p><p>Producimos y brindamos soluciones de software a medida especializado para cada gesti\u00f3n y desarrollo de sitios web y dise\u00f1o gr\u00e1fico, trabajando siempre con dedicaci\u00f3n.<\/p><p>Esto nos permite atender a un segmento de clientes, que demandan la m\u00e1s alta calidad en servicios, con un nivel de precios accesible.<\/p><p>Entre nuestros clientes, se encuentran empresas prestadoras de servicio, estudios de profesionales, contadores, abogados, consultoras, de dise\u00f1o gr\u00e1fico, de desarrollo de software y multimedia, de ingenier\u00eda, sonido e imagen, y p\u00fablico en general con intenci\u00f3n de adquirir un servicio acertado.<\/p>\t\t\t\t\t\t\t\t<\/div>\n\t\t\t\t<\/div>\n\t\t\t\t<div class=\"elementor-element elementor-element-ae04dde elementor-widget-divider--view-line elementor-widget elementor-widget-divider\" data-id=\"ae04dde\" data-element_type=\"widget\" data-e-type=\"widget\" data-widget_type=\"divider.default\">\n\t\t\t\t<div class=\"elementor-widget-container\">\n\t\t\t\t\t\t\t<div class=\"elementor-divider\">\n\t\t\t<span class=\"elementor-divider-separator\">\n\t\t\t\t\t\t<\/span>\n\t\t<\/div>\n\t\t\t\t\t\t<\/div>\n\t\t\t\t<\/div>\n\t\t\t\t<div class=\"elementor-element elementor-element-d33c60a elementor-widget elementor-widget-heading\" data-id=\"d33c60a\" data-element_type=\"widget\" data-e-type=\"widget\" data-widget_type=\"heading.default\">\n\t\t\t\t<div class=\"elementor-widget-container\">\n\t\t\t\t\t<h2 class=\"elementor-heading-title elementor-size-default\">Servicios ofrecidos<\/h2>\t\t\t\t<\/div>\n\t\t\t\t<\/div>\n\t\t\t\t\t<\/div>\n\t\t<\/div>\n\t\t\t\t\t<\/div>\n\t\t<\/section>\n\t\t\t\t<section class=\"elementor-section elementor-top-section elementor-element elementor-element-a0838bf elementor-section-boxed elementor-section-height-default elementor-section-height-default\" data-id=\"a0838bf\" data-element_type=\"section\" data-e-type=\"section\" data-settings=\"{&quot;jet_parallax_layout_list&quot;:[]}\">\n\t\t\t\t\t\t<div class=\"elementor-container elementor-column-gap-default\">\n\t\t\t\t\t<div class=\"elementor-column elementor-col-33 elementor-top-column elementor-element elementor-element-d685dfd\" data-id=\"d685dfd\" data-element_type=\"column\" data-e-type=\"column\">\n\t\t\t<div class=\"elementor-widget-wrap elementor-element-populated\">\n\t\t\t\t\t\t<div class=\"elementor-element elementor-element-2a651cb elementor-widget elementor-widget-text-editor\" data-id=\"2a651cb\" data-element_type=\"widget\" data-e-type=\"widget\" data-widget_type=\"text-editor.default\">\n\t\t\t\t<div class=\"elementor-widget-container\">\n\t\t\t\t\t\t\t\t\t<h3>Administraci\u00f3n e implementaci\u00f3n de proyectos IT<\/h3><p>Consideramos y analizamos los requerimientos del cliente para poder brindarle una soluci\u00f3n escalable y adaptable. Realizamos las siguientes tareas<\/p><p>-Servidores: Administraci\u00f3n e implementaci\u00f3n Windows server local y cloud server, Active Directory, dispositivos NAS y otros medios para file server.<\/p><p>-Soporte: Contamos con un equipo para realizar tareas de mantenimiento tanto para los servidores y red de su negocio, oficina o empresa, as\u00ed como tambi\u00e9n para brindarle soluciones a usuarios y estaciones de trabajo, sea remoto o en sitio.<\/p><p>-Backup: Dise\u00f1amos implementamos y hacemos un seguimiento del backup de su negocio para, ante una eventual p\u00e9rdida de datos no afecte a la producci\u00f3n de su negocio.<\/p>\t\t\t\t\t\t\t\t<\/div>\n\t\t\t\t<\/div>\n\t\t\t\t\t<\/div>\n\t\t<\/div>\n\t\t\t\t<div class=\"elementor-column elementor-col-33 elementor-top-column elementor-element elementor-element-55a0460\" data-id=\"55a0460\" data-element_type=\"column\" data-e-type=\"column\">\n\t\t\t<div class=\"elementor-widget-wrap elementor-element-populated\">\n\t\t\t\t\t\t<div class=\"elementor-element elementor-element-1d9c318 elementor-widget elementor-widget-text-editor\" data-id=\"1d9c318\" data-element_type=\"widget\" data-e-type=\"widget\" data-widget_type=\"text-editor.default\">\n\t\t\t\t<div class=\"elementor-widget-container\">\n\t\t\t\t\t\t\t\t\t<h3>Seguridad<\/h3><p>CCTV y C\u00e1maras IP: Nuestro trabajo consiste en la instalaci\u00f3n, configuraci\u00f3n y puesta en marcha del sistema de seguridad, instalacion de camaras IP, Wi Fi o CCTV con DVR.<\/p><p>El cliente puede contar con un amplio espectro de soluciones con la cual pueda ver, desde cualquier lugar, un ambiente de su casa, oficina, negocio, etc. Puede ser desde la instalaci\u00f3n de una o varias c\u00e1maras fijas, hasta el montaje de un centro de seguridad que posea sensor de movimiento, zoom \u00f3ptico y domos que puedan controlarse de manera local o remota dentro o fuera del lugar en donde se encuentran instaladas las mismas.<\/p>\t\t\t\t\t\t\t\t<\/div>\n\t\t\t\t<\/div>\n\t\t\t\t\t<\/div>\n\t\t<\/div>\n\t\t\t\t<div class=\"elementor-column elementor-col-33 elementor-top-column elementor-element elementor-element-dac0646\" data-id=\"dac0646\" data-element_type=\"column\" data-e-type=\"column\">\n\t\t\t<div class=\"elementor-widget-wrap elementor-element-populated\">\n\t\t\t\t\t\t<div class=\"elementor-element elementor-element-5667bc0 elementor-widget elementor-widget-text-editor\" data-id=\"5667bc0\" data-element_type=\"widget\" data-e-type=\"widget\" data-widget_type=\"text-editor.default\">\n\t\t\t\t<div class=\"elementor-widget-container\">\n\t\t\t\t\t\t\t\t\t<h3>Servicios Web<\/h3><p>Disponemos de un equipo especializado para el desarrollo de p\u00e1ginas web de todo tipo incluyendo sistemas de gesti\u00f3n en la nube, brindamos servicio de administraci\u00f3n y soporte a hostings, cuentas de email y p\u00e1ginas web con servidores propios de alta estabilidad. Si usted no posee nombre de dominio, nosotros nos encargamos de realizar la gesti\u00f3n de registro de nombre de dominio y todo lo necesario para que pueda tener su sitio online.\u00a0<\/p>\t\t\t\t\t\t\t\t<\/div>\n\t\t\t\t<\/div>\n\t\t\t\t\t<\/div>\n\t\t<\/div>\n\t\t\t\t\t<\/div>\n\t\t<\/section>\n\t\t\t\t<section class=\"elementor-section elementor-top-section elementor-element elementor-element-55ad44a elementor-section-boxed elementor-section-height-default elementor-section-height-default\" data-id=\"55ad44a\" data-element_type=\"section\" data-e-type=\"section\" data-settings=\"{&quot;jet_parallax_layout_list&quot;:[]}\">\n\t\t\t\t\t\t<div class=\"elementor-container elementor-column-gap-default\">\n\t\t\t\t\t<div class=\"elementor-column elementor-col-33 elementor-top-column elementor-element elementor-element-fd35cd0\" data-id=\"fd35cd0\" data-element_type=\"column\" data-e-type=\"column\">\n\t\t\t<div class=\"elementor-widget-wrap elementor-element-populated\">\n\t\t\t\t\t\t<div class=\"elementor-element elementor-element-627ad97 elementor-widget elementor-widget-text-editor\" data-id=\"627ad97\" data-element_type=\"widget\" data-e-type=\"widget\" data-widget_type=\"text-editor.default\">\n\t\t\t\t<div class=\"elementor-widget-container\">\n\t\t\t\t\t\t\t\t\t<h3>Instalaci\u00f3n el\u00e9ctrica<\/h3><p>El trabajo de los t\u00e9cnicos abarca tareas edilicias, alimentaci\u00f3n de tablero y de tareas en baja tensi\u00f3n conforme a las especificaciones del cliente y normas vigentes realizando un trabajo de calidad y con un funcionamiento satisfactorio, brindando un mantenimiento con soluciones personalizadas seg\u00fan las exigencias del cliente.<\/p>\t\t\t\t\t\t\t\t<\/div>\n\t\t\t\t<\/div>\n\t\t\t\t\t<\/div>\n\t\t<\/div>\n\t\t\t\t<div class=\"elementor-column elementor-col-33 elementor-top-column elementor-element elementor-element-decc134\" data-id=\"decc134\" data-element_type=\"column\" data-e-type=\"column\">\n\t\t\t<div class=\"elementor-widget-wrap elementor-element-populated\">\n\t\t\t\t\t\t<div class=\"elementor-element elementor-element-bd73db4 elementor-widget elementor-widget-text-editor\" data-id=\"bd73db4\" data-element_type=\"widget\" data-e-type=\"widget\" data-widget_type=\"text-editor.default\">\n\t\t\t\t<div class=\"elementor-widget-container\">\n\t\t\t\t\t\t\t\t\t<h3>Cableado estructurado<\/h3><p>Realizamos planificaci\u00f3n e instalaciones de Cat 5e\/6, Fibra \u00f3ptica mono nodo y multimodo, telefon\u00eda e instalaci\u00f3n el\u00e9ctrica. Ofrecemos servicios y productos para el cableado de su oficina u edificio, con el fin de ofrecerle una conectividad de todos sus equipos activos, de diferentes o igual tecnolog\u00eda, permitiendo su integraci\u00f3n: telefon\u00eda, datos, seguridad, etc. Proporcionamos soluciones de conectividad inal\u00e1mbricas y cobre que permiten una gran cantidad de servicios de comunicaciones.<\/p>\t\t\t\t\t\t\t\t<\/div>\n\t\t\t\t<\/div>\n\t\t\t\t\t<\/div>\n\t\t<\/div>\n\t\t\t\t<div class=\"elementor-column elementor-col-33 elementor-top-column elementor-element elementor-element-415e9c6\" data-id=\"415e9c6\" data-element_type=\"column\" data-e-type=\"column\">\n\t\t\t<div class=\"elementor-widget-wrap elementor-element-populated\">\n\t\t\t\t\t\t<div class=\"elementor-element elementor-element-e12b0df elementor-widget elementor-widget-text-editor\" data-id=\"e12b0df\" data-element_type=\"widget\" data-e-type=\"widget\" data-widget_type=\"text-editor.default\">\n\t\t\t\t<div class=\"elementor-widget-container\">\n\t\t\t\t\t\t\t\t\t<h3>Asesoramiento y venta<\/h3><p>Recibir\u00e1 asesoramiento pre y posventa, de esa manera podra tomar una decisi\u00f3n precisa e inteligente en el momento de configurar su sistema para poseer un conjunto de herramientas escalable que permita crecer con m\u00ednimas inversiones a futuro.<\/p>\t\t\t\t\t\t\t\t<\/div>\n\t\t\t\t<\/div>\n\t\t\t\t\t<\/div>\n\t\t<\/div>\n\t\t\t\t\t<\/div>\n\t\t<\/section>\n\t\t\t\t<\/div>\n\t\t","protected":false},"excerpt":{"rendered":"<p>Institucional Misi\u00f3n y objetivos Query, surge en el a\u00f1o 1999 con la misi\u00f3n de brindar servicios de asesoramiento en incorporaci\u00f3n de tecnolog\u00edas a diversas actividades, entre ellas equipos inform\u00e1ticos, estructuras de comunicaci\u00f3n, equipos espec\u00edficos, herramientas y servidores, brindando un est\u00e1ndar de calidad sin precedentes en el mercado. Durante todo este tiempo, hemos realizado alianzas con otras empresas prestadoras de servicios o soluciones diversas para reforzar&#8230; <\/p>\n<p class=\"more\"><a class=\"more-link\" href=\"https:\/\/queryconsultores.com.ar\/index.php\/institucional\/\">Read More<\/a><\/p>\n","protected":false},"author":1,"featured_media":0,"parent":0,"menu_order":0,"comment_status":"closed","ping_status":"closed","template":"elementor_header_footer","meta":{"footnotes":""},"class_list":["post-3224","page","type-page","status-publish","hentry","is-cat-link-line-before"],"aioseo_notices":[],"_links":{"self":[{"href":"https:\/\/queryconsultores.com.ar\/index.php\/wp-json\/wp\/v2\/pages\/3224","targetHints":{"allow":["GET"]}}],"collection":[{"href":"https:\/\/queryconsultores.com.ar\/index.php\/wp-json\/wp\/v2\/pages"}],"about":[{"href":"https:\/\/queryconsultores.com.ar\/index.php\/wp-json\/wp\/v2\/types\/page"}],"author":[{"embeddable":true,"href":"https:\/\/queryconsultores.com.ar\/index.php\/wp-json\/wp\/v2\/users\/1"}],"replies":[{"embeddable":true,"href":"https:\/\/queryconsultores.com.ar\/index.php\/wp-json\/wp\/v2\/comments?post=3224"}],"version-history":[{"count":6,"href":"https:\/\/queryconsultores.com.ar\/index.php\/wp-json\/wp\/v2\/pages\/3224\/revisions"}],"predecessor-version":[{"id":3231,"href":"https:\/\/queryconsultores.com.ar\/index.php\/wp-json\/wp\/v2\/pages\/3224\/revisions\/3231"}],"wp:attachment":[{"href":"https:\/\/queryconsultores.com.ar\/index.php\/wp-json\/wp\/v2\/media?parent=3224"}],"curies":[{"name":"wp","href":"https:\/\/api.w.org\/{rel}","templated":true}]}}